{"id":17,"date":"2013-11-12T17:25:46","date_gmt":"2013-11-12T17:25:46","guid":{"rendered":"http:\/\/www.atria.com.mx\/?page_id=17"},"modified":"2014-08-21T19:11:16","modified_gmt":"2014-08-21T19:11:16","slug":"nosotros","status":"publish","type":"page","link":"https:\/\/www.atria.com.mx\/es\/nosotros\/","title":{"rendered":"Nosotros"},"content":{"rendered":"<div id=\"zilla-tabs-1\" class=\"zilla-tabs\"><div class=\"zilla-tab-inner\"><ul class=\"zilla-nav zilla-clearfix\"><li><a href=\"#zilla-tab-que-es-atria\">\u00bfQu\u00e9 es ATRIA?<\/a><\/li><li><a href=\"#zilla-tab-servicios\">Servicios<\/a><\/li><\/ul> <div id=\"zilla-tab-que-es-atria\" class=\"zilla-tab\"> Somos una firma integrada por abogados y contadores asociados cuya principal funci\u00f3n es ser una herramienta de utilidad para todo tipo de empresas, empresarios y negociaciones mercantiles. Nos enfocamos en el terreno de las contribuciones , la especialidad es la <strong>defensa fiscal contra actos de autoridad<\/strong> del SAT del IMSS y del INFONAVIT; Aunque la propia inercia nos ha llevado a fortalecer otras \u00e1reas del Derecho y de la Administraci\u00f3n de las Empresas. Recientemente hemos creado el \u00c1rea Corporativa con el fin de darle soporte a nuestros clientes en materia corporativa, contractual y en todo tipo de transacciones con particulares y con las autoridades. <\/div> <div id=\"zilla-tab-servicios\" class=\"zilla-tab\"> Con el fin de brindar la mejor atenci\u00f3n \u00a0a nuestros clientes la firma pone a sus disposici\u00f3n los siguientes servicios:<\/p>\n<ul>\n<li>Administrativo<\/li>\n<li>Comercio Exterior y Aduanas<\/li>\n<li>Competencia Econ\u00f3mica<\/li>\n<li>Concursos Mercantiles<\/li>\n<li>Corporativo\/fusiones y adquisiciones<\/li>\n<li>Derecho Ambiental y Negocios Sustentables<\/li>\n<li>Energ\u00eda y Recursos Naturales<\/li>\n<li>Fiscal<\/li>\n<li>Inmobiliario<\/li>\n<li>Inversiones Extranjeras<\/li>\n<li>Laboral<\/li>\n<li>Privacidad y Protecci\u00f3n de Datos Personales<\/li>\n<li>Pro Bono<\/li>\n<li>Propiedad Intelectual<\/li>\n<li>Salud<\/li>\n<\/ul>\n<p><\/div> <\/div><\/div>\n","protected":false},"excerpt":{"rendered":"","protected":false},"author":3,"featured_media":0,"parent":0,"menu_order":0,"comment_status":"open","ping_status":"closed","template":"template-page-scroll.php","meta":[],"_links":{"self":[{"href":"https:\/\/www.atria.com.mx\/es\/wp-json\/wp\/v2\/pages\/17"}],"collection":[{"href":"https:\/\/www.atria.com.mx\/es\/wp-json\/wp\/v2\/pages"}],"about":[{"href":"https:\/\/www.atria.com.mx\/es\/wp-json\/wp\/v2\/types\/page"}],"author":[{"embeddable":true,"href":"https:\/\/www.atria.com.mx\/es\/wp-json\/wp\/v2\/users\/3"}],"replies":[{"embeddable":true,"href":"https:\/\/www.atria.com.mx\/es\/wp-json\/wp\/v2\/comments?post=17"}],"version-history":[{"count":17,"href":"https:\/\/www.atria.com.mx\/es\/wp-json\/wp\/v2\/pages\/17\/revisions"}],"predecessor-version":[{"id":75,"href":"https:\/\/www.atria.com.mx\/es\/wp-json\/wp\/v2\/pages\/17\/revisions\/75"}],"wp:attachment":[{"href":"https:\/\/www.atria.com.mx\/es\/wp-json\/wp\/v2\/media?parent=17"}],"curies":[{"name":"wp","href":"https:\/\/api.w.org\/{rel}","templated":true}]}}