{"id":19,"date":"2013-11-12T17:26:02","date_gmt":"2013-11-12T17:26:02","guid":{"rendered":"http:\/\/www.atria.com.mx\/?page_id=19"},"modified":"2014-08-16T15:06:46","modified_gmt":"2014-08-16T15:06:46","slug":"filosofia","status":"publish","type":"page","link":"https:\/\/www.atria.com.mx\/es\/filosofia\/","title":{"rendered":"Filosof\u00eda"},"content":{"rendered":"<p>Estamos convencidos que el particular puede hacer lo que la ley no le proh\u00edbe, mientras que la autoridad solo puede\u00a0hacer lo que la ley le faculta. En ese sentido nuestras acciones se ubican siempre en un \u00e1mbito de certeza jur\u00eddica y\u00a0<strong>m\u00e1xima seguridad en los servicios que prestamos.<\/strong> <div data-id='closed' class=\"zilla-toggle\"><span class=\"zilla-toggle-title\">Valores<\/span><div class=\"zilla-toggle-inner\"><\/p>\n<ul>\n<li><strong>Alto compromiso con el cliente.<\/strong>\u00a0Al ser una empresa de servicios, estamos consientes de que los clientes y los beneficiarios de nuestro servicio, son nuestra mejor tarjeta de presentaci\u00f3n para futuras referencias.<\/li>\n<li><strong>Conocimiento.<\/strong>\u00a0\u00a0Los profesionales que integra nuestra firma saben que el mayor activo que tenemos es su talento, mismo que esta basado en el conocimiento de las \u00e1reas profesionales y servicios que ofrecemos.<\/li>\n<li><strong>Profesionales.<\/strong>\u00a0Nuestra firma se maneja con honestidad, \u00e9tica e integridad en todas las acciones que realizamos.<\/li>\n<li><strong>Confianza.<\/strong>\u00a0Entendida como la construcci\u00f3n de la relaci\u00f3n con nuestros clientes que generalmente se da a largo plazo en un \u00e1mbito de cordialidad y profesionalismo.<\/li>\n<\/ul>\n<p><\/div><\/div> <div data-id='closed' class=\"zilla-toggle\"><span class=\"zilla-toggle-title\">Misi\u00f3n<\/span><div class=\"zilla-toggle-inner\"> Ser un aliado estrat\u00e9gico de nuestros clientes, a efecto de dar certeza en las operaciones, procedimientos y ordenamientos jur\u00eddicos, fiscales y contables para la correcta operaci\u00f3n de sus negocios. <\/div><\/div> <div data-id='closed' class=\"zilla-toggle\"><span class=\"zilla-toggle-title\">Visi\u00f3n<\/span><div class=\"zilla-toggle-inner\"> Nos visualizamos como una firma leal con los clientes y reconocida por su trabajo y entrega profesional, responsable con la comunidad y comprometida con las soluciones y estrategias que ejecuta. <\/div><\/div> <div data-id='closed' class=\"zilla-toggle\"><span class=\"zilla-toggle-title\">Alcance<\/span><div class=\"zilla-toggle-inner\"> Tenemos clientes en diversos puntos del pa\u00eds, con oficinas en<strong> Puebla, San Luis Potos\u00ed, Le\u00f3n<\/strong> y <strong>Celaya.<\/strong> Nuestro corporativo se encuentra en la<strong> ciudad de Quer\u00e9taro<\/strong>. Hemos tambi\u00e9n atendido clientes de diversas partes del mundo y representado sus intereses en territorio mexicano. Adicionalmente contamos con una red de Despachos Asociados en la mayor parte de Am\u00e9rica y Europa, incluyendo Canad\u00e1, Estados Unidos de Am\u00e9rica, Brasil, Centro Am\u00e9rica, Colombia y Venezuela. <\/div><\/div><\/p>\n","protected":false},"excerpt":{"rendered":"<p>Estamos convencidos que el particular puede hacer lo que la ley no le proh\u00edbe, mientras que la autoridad solo puede\u00a0hacer lo que la ley le faculta. En ese sentido nuestras acciones se ubican siempre en un \u00e1mbito de certeza jur\u00eddica y\u00a0m\u00e1xima seguridad en los servicios que prestamos.<\/p>\n","protected":false},"author":3,"featured_media":0,"parent":0,"menu_order":0,"comment_status":"open","ping_status":"closed","template":"template-page-scroll.php","meta":[],"_links":{"self":[{"href":"https:\/\/www.atria.com.mx\/es\/wp-json\/wp\/v2\/pages\/19"}],"collection":[{"href":"https:\/\/www.atria.com.mx\/es\/wp-json\/wp\/v2\/pages"}],"about":[{"href":"https:\/\/www.atria.com.mx\/es\/wp-json\/wp\/v2\/types\/page"}],"author":[{"embeddable":true,"href":"https:\/\/www.atria.com.mx\/es\/wp-json\/wp\/v2\/users\/3"}],"replies":[{"embeddable":true,"href":"https:\/\/www.atria.com.mx\/es\/wp-json\/wp\/v2\/comments?post=19"}],"version-history":[{"count":13,"href":"https:\/\/www.atria.com.mx\/es\/wp-json\/wp\/v2\/pages\/19\/revisions"}],"predecessor-version":[{"id":62,"href":"https:\/\/www.atria.com.mx\/es\/wp-json\/wp\/v2\/pages\/19\/revisions\/62"}],"wp:attachment":[{"href":"https:\/\/www.atria.com.mx\/es\/wp-json\/wp\/v2\/media?parent=19"}],"curies":[{"name":"wp","href":"https:\/\/api.w.org\/{rel}","templated":true}]}}